{"id":31818,"date":"2025-09-29T14:00:53","date_gmt":"2025-09-29T12:00:53","guid":{"rendered":"https:\/\/navarila.com\/obchod\/lida-maxi-skirt-with-pleats\/"},"modified":"2025-10-18T21:09:37","modified_gmt":"2025-10-18T19:09:37","slug":"lida-maxi-skirt-with-pleats","status":"publish","type":"product","link":"https:\/\/navarila.com\/en\/obchod\/lida-maxi-skirt-with-pleats\/","title":{"rendered":"L\u00cdDA-knitted skirt with pleats"},"content":{"rendered":"<div class=\"section\">\n<div class=\"section-label\">knitted<\/div>\n<div class=\"list-wrap\">\n<ul class=\"\">\n<li data-id=\"4023\">knitted skirt<\/li>\n<li data-id=\"4023\">maxi-skirt<\/li>\n<li data-id=\"4023\">with pleats<\/li>\n<\/ul>\n<\/div>\n<\/div>\n<div class=\"section\">\n<div class=\"section-label\">for woman<\/div>\n<div class=\"list-wrap\">\n<ul class=\"\">\n<li data-id=\"571\">voln\u00fd \u010das<\/li>\n<\/ul>\n<\/div>\n<\/div>\n<div class=\"section\">\n<div class=\"section-label\">for<\/div>\n<div class=\"list-wrap\">\n<ul class=\"\">\n<li data-id=\"419\">woman<\/li>\n<\/ul>\n<\/div>\n<\/div>\n<div class=\"section\">\n<div class=\"section-label\">textile<\/div>\n<div class=\"list-wrap\">\n<ul class=\"\">\n<li data-id=\"580\">biocotton<\/li>\n<li data-id=\"598\">mix<\/li>\n<\/ul>\n<\/div>\n<\/div>\n<div class=\"section\">\n<div class=\"section-label\">colours<\/div>\n<div class=\"list-wrap\">\n<ul class=\"nodot\">\n<li data-id=\"5326\">\n<div class=\"flerui fb-row colorbox2020\">\n<div>anthracite<\/div>\n<p>black<\/p>\n<\/div>\n<\/li>\n<li data-id=\"5326\">\n<div class=\"flerui fb-row colorbox2020\">khaki<\/div>\n<\/li>\n<li data-id=\"5326\">grey<\/li>\n<li data-id=\"5326\"> \u0161edob\u00e9\u017eov\u00e1<\/li>\n<li data-id=\"5326\">dark blue<\/li>\n<\/ul>\n<\/div>\n<\/div>\n<div class=\"section\">\n<div class=\"list-wrap\"><\/div>\n<\/div>\n<div class=\"section\">\n<div class=\"section-label\">Style<\/div>\n<div class=\"list-wrap\">\n<ul class=\"\">\n<li data-id=\"4066\">bohemian<\/li>\n<li data-id=\"85\">extravagant<\/li>\n<li data-id=\"84\">natural<\/li>\n<li data-id=\"1009\">romantic<\/li>\n<\/ul>\n<\/div>\n<\/div>\n<div class=\"section\">\n<div class=\"section-label\">production technology<\/div>\n<div class=\"list-wrap\">\n<ul class=\"\">\n<li data-id=\"853\">knitting<\/li>\n<\/ul>\n<\/div>\n<\/div>\n<div class=\"section\">\n<div class=\"section-label\">size<\/div>\n<div class=\"list-wrap\">\n<ul class=\"\">\n<li data-id=\"1001\">S<\/li>\n<li data-id=\"1002\">M<\/li>\n<li data-id=\"1003\">L<\/li>\n<li data-id=\"1004\">XL<\/li>\n<\/ul>\n<\/div>\n<\/div>\n","protected":false},"excerpt":{"rendered":"<p>The maxi-long, slightly flared skirt is decorated with a sewn-in pleated part on the front, which forms a slightly longer \/3 cm\/ apron-like part. There is a 2 cm hollow with an elastic at the waist.<\/p>\n<p>The skirt is knitted from 50\/50 organic cotton, so it feels absolutely pleasant to the touch, doesn&#8217;t itch and you can gently wash it in the washing machine. Gentle means on a program for woolen items, with a temperature of up to 30 degrees, then hang it on a trouser hanger.<\/p>\n<p>colours:<\/p>\n<p>1\/black<\/p>\n<p>2\/antracithe<\/p>\n<p>3\/grey<\/p>\n<p>4\/ grey-beige<\/p>\n<p>5\/dark blue<\/p>\n<p>lenth MIDI &#8211; 75cm or MAXI-85cm.<\/p>\n<p>Each piece is original &#8211; handmade.<\/p>\n<p>Delivery time within 10 days after ordering.<\/p>\n<p>Size S,M,L,XL<\/p>\n","protected":false},"featured_media":31752,"comment_status":"open","ping_status":"closed","template":"","meta":[],"product_brand":[844],"product_cat":[854,521,143,129],"product_tag":[855,656,558,567,204,775,198,856,574,586],"class_list":{"0":"post-31818","1":"product","2":"type-product","3":"status-publish","4":"has-post-thumbnail","6":"product_brand-navarila","7":"product_cat-fall-winter-2025-6","8":"product_cat-new-collection","9":"product_cat-skirts","10":"product_cat-the-original-models","11":"product_tag-asymmetric","12":"product_tag-biocotton","13":"product_tag-knitted-skirt","14":"product_tag-maxi-skirt","15":"product_tag-navarila-en","16":"product_tag-organicka-bavlna","17":"product_tag-original-en","18":"product_tag-pleated-skirt-en-2","19":"product_tag-slow-fashion-en","20":"product_tag-with-pleats","22":"first","23":"instock","24":"sale","25":"shipping-taxable","26":"purchasable","27":"product-type-simple"},"_links":{"self":[{"href":"https:\/\/navarila.com\/en\/wp-json\/wp\/v2\/product\/31818","targetHints":{"allow":["GET"]}}],"collection":[{"href":"https:\/\/navarila.com\/en\/wp-json\/wp\/v2\/product"}],"about":[{"href":"https:\/\/navarila.com\/en\/wp-json\/wp\/v2\/types\/product"}],"replies":[{"embeddable":true,"href":"https:\/\/navarila.com\/en\/wp-json\/wp\/v2\/comments?post=31818"}],"wp:featuredmedia":[{"embeddable":true,"href":"https:\/\/navarila.com\/en\/wp-json\/wp\/v2\/media\/31752"}],"wp:attachment":[{"href":"https:\/\/navarila.com\/en\/wp-json\/wp\/v2\/media?parent=31818"}],"wp:term":[{"taxonomy":"product_brand","embeddable":true,"href":"https:\/\/navarila.com\/en\/wp-json\/wp\/v2\/product_brand?post=31818"},{"taxonomy":"product_cat","embeddable":true,"href":"https:\/\/navarila.com\/en\/wp-json\/wp\/v2\/product_cat?post=31818"},{"taxonomy":"product_tag","embeddable":true,"href":"https:\/\/navarila.com\/en\/wp-json\/wp\/v2\/product_tag?post=31818"}],"curies":[{"name":"wp","href":"https:\/\/api.w.org\/{rel}","templated":true}]}}