{"id":30560,"date":"2024-11-16T20:12:47","date_gmt":"2024-11-16T19:12:47","guid":{"rendered":"https:\/\/navarila.com\/?post_type=product&#038;p=30560"},"modified":"2024-12-08T15:59:30","modified_gmt":"2024-12-08T14:59:30","slug":"vendelin-knitted-coat-with-3-4-sleeves-kopirovat","status":"publish","type":"product","link":"https:\/\/navarila.com\/en\/obchod\/vendelin-knitted-coat-with-3-4-sleeves-kopirovat\/","title":{"rendered":"VENDEL- tricolor knitted coat with a hood"},"content":{"rendered":"<div class=\"section\">\n<ul>\n<li class=\"section-label\">knitted<\/li>\n<\/ul>\n<div class=\"list-wrap\">\n<ul class=\"\">\n<li data-id=\"49\">coat<\/li>\n<li data-id=\"49\">knitted coat<\/li>\n<\/ul>\n<\/div>\n<\/div>\n<div class=\"section\">\n<div class=\"section-label\"><strong>for woman<\/strong><\/div>\n<div class=\"list-wrap\">\n<ul class=\"\">\n<li data-id=\"799\">formal<\/li>\n<li data-id=\"571\">free time<\/li>\n<\/ul>\n<\/div>\n<\/div>\n<div class=\"section\">\n<div class=\"section-label\"><strong>for<\/strong><\/div>\n<div class=\"list-wrap\">\n<ul class=\"\">\n<li data-id=\"419\">woman<\/li>\n<\/ul>\n<\/div>\n<\/div>\n<div class=\"section\">\n<div class=\"section-label\">textile<\/div>\n<div class=\"list-wrap\">\n<ul class=\"\">\n<li data-id=\"5252\">merino<\/li>\n<li data-id=\"598\">mix<\/li>\n<li data-id=\"603\">wool<\/li>\n<\/ul>\n<\/div>\n<\/div>\n<div class=\"section\">\n<div class=\"section-label\">colours<\/div>\n<div class=\"list-wrap\">\n<ul class=\"nodot\">\n<li data-id=\"169\">\n<div class=\"flerui fb-row colorbox2020\">\n<p>\u010dern\u00e1<\/p>\n<p>r\u016f\u017eov\u00e1<\/p>\n<p>khaki<\/p>\n<\/div>\n<\/li>\n<\/ul>\n<\/div>\n<\/div>\n<div class=\"section\">\n<div class=\"section-label\">Style<\/div>\n<div class=\"list-wrap\">\n<ul class=\"\">\n<li data-id=\"85\">extravagant<\/li>\n<li data-id=\"82\">city style<\/li>\n<li data-id=\"1013\">cheerful<\/li>\n<\/ul>\n<\/div>\n<\/div>\n<div class=\"section\">\n<div class=\"section-label\">knitwear<\/div>\n<div class=\"list-wrap\">\n<ul class=\"\">\n<li data-id=\"853\">knitting<\/li>\n<\/ul>\n<\/div>\n<\/div>\n<div class=\"section\">\n<div class=\"section-label\">Care<\/div>\n<div class=\"list-wrap\">\n<ul class=\"\">\n<li data-id=\"995\">uni size<\/li>\n<li data-id=\"996\">for pregnant women<\/li>\n<\/ul>\n<\/div>\n<\/div>\n<div class=\"section\">\n<div class=\"section-label\"><strong>size<\/strong><\/div>\n<div class=\"list-wrap\">\n<ul class=\"\">\n<li data-id=\"1001\">S<\/li>\n<li data-id=\"1002\">M<\/li>\n<li data-id=\"1003\">L<\/li>\n<li data-id=\"1004\">XL<\/li>\n<\/ul>\n<\/div>\n<\/div>\n","protected":false},"excerpt":{"rendered":"<p>A slightly oversized coat, knitted from cotton yarn, with large pockets and button fastening. Black base with a pink hood and a gray stripe down the center of the back. This is a future stylish piece of your wardrobe that your granddaughter will still wear!<\/p>\n<p>The composition of the yarn from the Italian manufacturer &#8211; 50% cotton + 50% polyester. All our models are already pre-washed, and maintenance is very practical &#8211; washing in a washing machine on a delicate program.<\/p>\n<p>Sizes S, M, L, XL &#8211; beware it is larger than normal size,<\/p>\n","protected":false},"featured_media":30615,"comment_status":"open","ping_status":"closed","template":"","meta":[],"product_brand":[],"product_cat":[133,813,140,129],"product_tag":[584,489,598,523,222,197,525,815],"class_list":{"0":"post-30560","1":"product","2":"type-product","3":"status-publish","4":"has-post-thumbnail","6":"product_cat-coats-vests","7":"product_cat-fall-winter-24-5","8":"product_cat-sweaters-knitted-jackets","9":"product_cat-the-original-models","10":"product_tag-cardigan-en","11":"product_tag-coat","12":"product_tag-knitted-coat","13":"product_tag-maxi-sweater","14":"product_tag-merino-en","15":"product_tag-turtleneck","16":"product_tag-with-buttons","17":"product_tag-with-hood-en","19":"first","20":"onbackorder","21":"sale","22":"shipping-taxable","23":"purchasable","24":"product-type-simple"},"_links":{"self":[{"href":"https:\/\/navarila.com\/en\/wp-json\/wp\/v2\/product\/30560","targetHints":{"allow":["GET"]}}],"collection":[{"href":"https:\/\/navarila.com\/en\/wp-json\/wp\/v2\/product"}],"about":[{"href":"https:\/\/navarila.com\/en\/wp-json\/wp\/v2\/types\/product"}],"replies":[{"embeddable":true,"href":"https:\/\/navarila.com\/en\/wp-json\/wp\/v2\/comments?post=30560"}],"wp:featuredmedia":[{"embeddable":true,"href":"https:\/\/navarila.com\/en\/wp-json\/wp\/v2\/media\/30615"}],"wp:attachment":[{"href":"https:\/\/navarila.com\/en\/wp-json\/wp\/v2\/media?parent=30560"}],"wp:term":[{"taxonomy":"product_brand","embeddable":true,"href":"https:\/\/navarila.com\/en\/wp-json\/wp\/v2\/product_brand?post=30560"},{"taxonomy":"product_cat","embeddable":true,"href":"https:\/\/navarila.com\/en\/wp-json\/wp\/v2\/product_cat?post=30560"},{"taxonomy":"product_tag","embeddable":true,"href":"https:\/\/navarila.com\/en\/wp-json\/wp\/v2\/product_tag?post=30560"}],"curies":[{"name":"wp","href":"https:\/\/api.w.org\/{rel}","templated":true}]}}